{"id":70,"date":"2013-02-19T09:17:47","date_gmt":"2013-02-19T08:17:47","guid":{"rendered":"https:\/\/agencyinbiosphere.com\/?page_id=70"},"modified":"2025-08-10T04:07:33","modified_gmt":"2025-08-10T03:07:33","slug":"publications","status":"publish","type":"page","link":"https:\/\/agencyinbiosphere.com\/de\/publications","title":{"rendered":"Publikationen"},"content":{"rendered":"<p><img loading=\"lazy\" decoding=\"async\" class=\"alignnone wp-image-1731\" src=\"https:\/\/agencyinbiosphere.com\/wp-content\/uploads\/2022\/06\/nebel-wasser-eis-vorschau-1-505x695.jpg\" alt=\"\" width=\"322\" height=\"443\" srcset=\"https:\/\/agencyinbiosphere.com\/wp-content\/uploads\/2022\/06\/nebel-wasser-eis-vorschau-1-505x695.jpg 505w, https:\/\/agencyinbiosphere.com\/wp-content\/uploads\/2022\/06\/nebel-wasser-eis-vorschau-1-218x300.jpg 218w, https:\/\/agencyinbiosphere.com\/wp-content\/uploads\/2022\/06\/nebel-wasser-eis-vorschau-1-768x1057.jpg 768w, https:\/\/agencyinbiosphere.com\/wp-content\/uploads\/2022\/06\/nebel-wasser-eis-vorschau-1-1116x1536.jpg 1116w, https:\/\/agencyinbiosphere.com\/wp-content\/uploads\/2022\/06\/nebel-wasser-eis-vorschau-1-439x604.jpg 439w, https:\/\/agencyinbiosphere.com\/wp-content\/uploads\/2022\/06\/nebel-wasser-eis-vorschau-1.jpg 1330w\" sizes=\"auto, (max-width: 322px) 100vw, 322px\" \/><\/p>\n<p>2022<br \/>\nNebel, Wasser, Eis. \/ Fog, Water, Ice. &#8211; Markus Jeschaunig<br \/>\n<a href=\"https:\/\/www.buchhandlung-walther-koenig.de\/koenig2\/index.php?mode=details&amp;showcase=1&amp;art=1635929\">Verlag der Buchhandlung Walther und Franz Koenig<\/a>, K\u00f6ln (2022) [catalogue]<br \/>\nHrsg.\/Ed. Markus Jeschaunig und Haus am Waldsee, Berlin<br \/>\nISBN: 978-3-7533-0234-8<\/p>\n<p>&nbsp;<\/p>\n<img loading=\"lazy\" decoding=\"async\" src=\"https:\/\/agencyinbiosphere.com\/wp-content\/uploads\/2013\/02\/Urban_Oasis_Cover_Ansicht_Kerber-web-505x724.jpg\" alt=\"Urban_Oasis_Cover_Ansicht_Kerber-web\" width=\"300\" height=\"429\" \/>\n<p>2018<br \/>\nUrban Oasis &#8211; Markus Jeschaunig, <a href=\"https:\/\/www.kerberverlag.com\/en\/markus-jeschaunig.html\">Kerber Verlag<\/a>, Berlin 2018<br \/>\nISBN 978-3-7356-0510-8\u00a0 [Katalog]<\/p>\n<p>2017<br \/>\nBAUWELT Preis 2017 &#8211; Das erste Haus, Bauwelt 1.2017, Artikel <a href=\"https:\/\/bauwelt.de\/dl\/1107631\/24_bis_25_3_Preistraeger-2.pdf\">PDF<br \/>\n<\/a>&gt;pragmatisch und poetisch: Architekturjahrbuch Graz Steiermark 2016&lt;, <a href=\"https:\/\/hda-graz.at\/programm\/architekturpreis-des-landes-steiermark-2016-architekturjahrbuch-graz-steiermark-2016\">HDA<\/a>, Birkh\u00e4user, 2017 [Projekt]<\/p>\n<p>2016<br \/>\n\u201cNaturally Hypernatural III: Hypernatural Landscapes in the Anthropocene Series\u201d\u009d, Sabine Flach und Gary Sherman (Hrsg.), <a href=\"https:\/\/www.peterlang.com\/view\/product\/78538?rskey=Uqs2pv&amp;result=5\">Peter Lang (Verlag)<\/a>, Bern\/Berlin\/Bruxelles\/Frankfurt am Main\/New York\/Oxford\/Wien, 2016; [Scientific Article]<\/p>\n<p>&nbsp;<\/p>\n<img loading=\"lazy\" decoding=\"async\" class=\"alignnone wp-image-1734\" src=\"https:\/\/agencyinbiosphere.com\/wp-content\/uploads\/2022\/06\/Cover_Linienprojekte_IMG_2034_ret_rgb_web.jpg\" alt=\"\" width=\"278\" height=\"417\" srcset=\"https:\/\/agencyinbiosphere.com\/wp-content\/uploads\/2022\/06\/Cover_Linienprojekte_IMG_2034_ret_rgb_web.jpg 425w, https:\/\/agencyinbiosphere.com\/wp-content\/uploads\/2022\/06\/Cover_Linienprojekte_IMG_2034_ret_rgb_web-200x300.jpg 200w\" sizes=\"auto, (max-width: 278px) 100vw, 278px\" \/>\n<p>2014<br \/>\n&#8222;Markus Jeschaunig \u201c Linienprojekte\/Line projects&#8220;, Hrsg. Elisabeth Fiedler, <em>Verlag<\/em> Bibliothek der Provinz, ISBN 978-3-99028-272-4, <a href=\"https:\/\/agencyinbiosphere.com\/archives\/project\/line-projects-book\">Buch Info<\/a> (Staatspreis sch\u00f6nste B\u00fccher \u00d6sterreichs 2014 \/ category &#8222;Art book&#8220;) [Katalog]<\/p>\n<p>&nbsp;<\/p>\n<p>2013<br \/>\nTHAT&#8217;S IT FOR NOW \u201c 10 Jahre <a href=\"https:\/\/de-de.facebook.com\/thesmallestgallery\">the smallest gallery<\/a>, Hrsg. Eva Meran, Milo Tesselaar, Graz [art work, Text]<\/p>\n<p>2011<br \/>\n&#8222;LICHTUNGEN&#8220; &#8211; Zeitschrift f\u00fcr Literatur, Kunst und Zeitkritik [Kunstteil Gestaltung]<\/p>\n<p>&nbsp;<\/p>","protected":false},"excerpt":{"rendered":"<p>2022 Nebel, Wasser, Eis. \/ Fog, Water, Ice. &#8211; Markus Jeschaunig Verlag der Buchhandlung Walther und Franz Koenig, K\u00f6ln (2022) [catalogue] Hrsg.\/Ed. Markus Jeschaunig und Haus am Waldsee, Berlin ISBN: 978-3-7533-0234-8 &nbsp; 2018 Urban Oasis &#8211; Markus Jeschaunig, Kerber Verlag, Berlin 2018 ISBN 978-3-7356-0510-8\u00a0 [Katalog] 2017 BAUWELT Preis 2017 &#8211; Das erste Haus, Bauwelt 1.2017,&#8230;  <a href=\"https:\/\/agencyinbiosphere.com\/de\/publications\" title=\"Read Publikationen\">Read more &raquo;<\/a><\/p>\n","protected":false},"author":1,"featured_media":0,"parent":0,"menu_order":8,"comment_status":"closed","ping_status":"closed","template":"","meta":{"footnotes":""},"class_list":["post-70","page","type-page","status-publish","hentry"],"yoast_head":"<!-- This site is optimized with the Yoast SEO plugin v16.8 - https:\/\/yoast.com\/wordpress\/plugins\/seo\/ -->\n<title>Publikationen - Markus Jeschaunig<\/title>\n<meta name=\"robots\" content=\"index, follow, max-snippet:-1, max-image-preview:large, max-video-preview:-1\" \/>\n<link rel=\"canonical\" href=\"https:\/\/agencyinbiosphere.com\/publications\" \/>\n<meta property=\"og:locale\" content=\"de_DE\" \/>\n<meta property=\"og:type\" content=\"article\" \/>\n<meta property=\"og:title\" content=\"Publikationen - Markus Jeschaunig\" \/>\n<meta property=\"og:description\" content=\"2022 Nebel, Wasser, Eis. \/ Fog, Water, Ice. &#8211; Markus Jeschaunig Verlag der Buchhandlung Walther und Franz Koenig, K\u00f6ln (2022) [catalogue] Hrsg.\/Ed. Markus Jeschaunig und Haus am Waldsee, Berlin ISBN: 978-3-7533-0234-8 &nbsp; 2018 Urban Oasis &#8211; Markus Jeschaunig, Kerber Verlag, Berlin 2018 ISBN 978-3-7356-0510-8\u00a0 [Katalog] 2017 BAUWELT Preis 2017 &#8211; Das erste Haus, Bauwelt 1.2017,... Read more &raquo;\" \/>\n<meta property=\"og:url\" content=\"https:\/\/agencyinbiosphere.com\/publications\" \/>\n<meta property=\"og:site_name\" content=\"Markus Jeschaunig\" \/>\n<meta property=\"article:modified_time\" content=\"2025-08-10T03:07:33+00:00\" \/>\n<meta property=\"og:image\" content=\"https:\/\/agencyinbiosphere.com\/wp-content\/uploads\/2022\/06\/nebel-wasser-eis-vorschau-1-505x695.jpg\" \/>\n<meta name=\"twitter:label1\" content=\"Gesch\u00e4tzte Lesezeit\" \/>\n\t<meta name=\"twitter:data1\" content=\"2\u00a0Minuten\" \/>\n<script type=\"application\/ld+json\" class=\"yoast-schema-graph\">{\"@context\":\"https:\/\/schema.org\",\"@graph\":[{\"@type\":\"WebSite\",\"@id\":\"https:\/\/agencyinbiosphere.com\/#website\",\"url\":\"https:\/\/agencyinbiosphere.com\/\",\"name\":\"Markus Jeschaunig\",\"description\":\"Agency in Biosphere\",\"potentialAction\":[{\"@type\":\"SearchAction\",\"target\":{\"@type\":\"EntryPoint\",\"urlTemplate\":\"https:\/\/agencyinbiosphere.com\/?s={search_term_string}\"},\"query-input\":\"required name=search_term_string\"}],\"inLanguage\":\"de\"},{\"@type\":\"ImageObject\",\"@id\":\"https:\/\/agencyinbiosphere.com\/publications#primaryimage\",\"inLanguage\":\"de\",\"url\":\"https:\/\/agencyinbiosphere.com\/wp-content\/uploads\/2022\/06\/nebel-wasser-eis-vorschau-1.jpg\",\"contentUrl\":\"https:\/\/agencyinbiosphere.com\/wp-content\/uploads\/2022\/06\/nebel-wasser-eis-vorschau-1.jpg\",\"width\":1330,\"height\":1830},{\"@type\":\"WebPage\",\"@id\":\"https:\/\/agencyinbiosphere.com\/publications#webpage\",\"url\":\"https:\/\/agencyinbiosphere.com\/publications\",\"name\":\"[:en]Publications[:de]Publikationen[:] - Markus Jeschaunig\",\"isPartOf\":{\"@id\":\"https:\/\/agencyinbiosphere.com\/#website\"},\"primaryImageOfPage\":{\"@id\":\"https:\/\/agencyinbiosphere.com\/publications#primaryimage\"},\"datePublished\":\"2013-02-19T08:17:47+00:00\",\"dateModified\":\"2025-08-10T03:07:33+00:00\",\"breadcrumb\":{\"@id\":\"https:\/\/agencyinbiosphere.com\/publications#breadcrumb\"},\"inLanguage\":\"de\",\"potentialAction\":[{\"@type\":\"ReadAction\",\"target\":[\"https:\/\/agencyinbiosphere.com\/publications\"]}]},{\"@type\":\"BreadcrumbList\",\"@id\":\"https:\/\/agencyinbiosphere.com\/publications#breadcrumb\",\"itemListElement\":[{\"@type\":\"ListItem\",\"position\":1,\"name\":\"Publications\"}]}]}<\/script>\n<!-- \/ Yoast SEO plugin. -->","yoast_head_json":{"title":"Publikationen - Markus Jeschaunig","robots":{"index":"index","follow":"follow","max-snippet":"max-snippet:-1","max-image-preview":"max-image-preview:large","max-video-preview":"max-video-preview:-1"},"canonical":"https:\/\/agencyinbiosphere.com\/publications","og_locale":"de_DE","og_type":"article","og_title":"Publikationen - Markus Jeschaunig","og_description":"2022 Nebel, Wasser, Eis. \/ Fog, Water, Ice. &#8211; Markus Jeschaunig Verlag der Buchhandlung Walther und Franz Koenig, K\u00f6ln (2022) [catalogue] Hrsg.\/Ed. Markus Jeschaunig und Haus am Waldsee, Berlin ISBN: 978-3-7533-0234-8 &nbsp; 2018 Urban Oasis &#8211; Markus Jeschaunig, Kerber Verlag, Berlin 2018 ISBN 978-3-7356-0510-8\u00a0 [Katalog] 2017 BAUWELT Preis 2017 &#8211; Das erste Haus, Bauwelt 1.2017,... Read more &raquo;","og_url":"https:\/\/agencyinbiosphere.com\/publications","og_site_name":"Markus Jeschaunig","article_modified_time":"2025-08-10T03:07:33+00:00","og_image":[{"url":"https:\/\/agencyinbiosphere.com\/wp-content\/uploads\/2022\/06\/nebel-wasser-eis-vorschau-1-505x695.jpg"}],"twitter_misc":{"Gesch\u00e4tzte Lesezeit":"2\u00a0Minuten"},"schema":{"@context":"https:\/\/schema.org","@graph":[{"@type":"WebSite","@id":"https:\/\/agencyinbiosphere.com\/#website","url":"https:\/\/agencyinbiosphere.com\/","name":"Markus Jeschaunig","description":"Agency in Biosphere","potentialAction":[{"@type":"SearchAction","target":{"@type":"EntryPoint","urlTemplate":"https:\/\/agencyinbiosphere.com\/?s={search_term_string}"},"query-input":"required name=search_term_string"}],"inLanguage":"de"},{"@type":"ImageObject","@id":"https:\/\/agencyinbiosphere.com\/publications#primaryimage","inLanguage":"de","url":"https:\/\/agencyinbiosphere.com\/wp-content\/uploads\/2022\/06\/nebel-wasser-eis-vorschau-1.jpg","contentUrl":"https:\/\/agencyinbiosphere.com\/wp-content\/uploads\/2022\/06\/nebel-wasser-eis-vorschau-1.jpg","width":1330,"height":1830},{"@type":"WebPage","@id":"https:\/\/agencyinbiosphere.com\/publications#webpage","url":"https:\/\/agencyinbiosphere.com\/publications","name":"[:en]Publications[:de]Publikationen[:] - Markus Jeschaunig","isPartOf":{"@id":"https:\/\/agencyinbiosphere.com\/#website"},"primaryImageOfPage":{"@id":"https:\/\/agencyinbiosphere.com\/publications#primaryimage"},"datePublished":"2013-02-19T08:17:47+00:00","dateModified":"2025-08-10T03:07:33+00:00","breadcrumb":{"@id":"https:\/\/agencyinbiosphere.com\/publications#breadcrumb"},"inLanguage":"de","potentialAction":[{"@type":"ReadAction","target":["https:\/\/agencyinbiosphere.com\/publications"]}]},{"@type":"BreadcrumbList","@id":"https:\/\/agencyinbiosphere.com\/publications#breadcrumb","itemListElement":[{"@type":"ListItem","position":1,"name":"Publications"}]}]}},"_links":{"self":[{"href":"https:\/\/agencyinbiosphere.com\/de\/wp-json\/wp\/v2\/pages\/70","targetHints":{"allow":["GET"]}}],"collection":[{"href":"https:\/\/agencyinbiosphere.com\/de\/wp-json\/wp\/v2\/pages"}],"about":[{"href":"https:\/\/agencyinbiosphere.com\/de\/wp-json\/wp\/v2\/types\/page"}],"author":[{"embeddable":true,"href":"https:\/\/agencyinbiosphere.com\/de\/wp-json\/wp\/v2\/users\/1"}],"replies":[{"embeddable":true,"href":"https:\/\/agencyinbiosphere.com\/de\/wp-json\/wp\/v2\/comments?post=70"}],"version-history":[{"count":41,"href":"https:\/\/agencyinbiosphere.com\/de\/wp-json\/wp\/v2\/pages\/70\/revisions"}],"predecessor-version":[{"id":1900,"href":"https:\/\/agencyinbiosphere.com\/de\/wp-json\/wp\/v2\/pages\/70\/revisions\/1900"}],"wp:attachment":[{"href":"https:\/\/agencyinbiosphere.com\/de\/wp-json\/wp\/v2\/media?parent=70"}],"curies":[{"name":"wp","href":"https:\/\/api.w.org\/{rel}","templated":true}]}}