{"id":2,"date":"2013-02-13T14:53:38","date_gmt":"2013-02-13T13:53:38","guid":{"rendered":"https:\/\/agencyinbiosphere.com\/?page_id=2"},"modified":"2026-03-21T22:43:26","modified_gmt":"2026-03-21T21:43:26","slug":"about","status":"publish","type":"page","link":"https:\/\/agencyinbiosphere.com\/de\/about","title":{"rendered":"CV"},"content":{"rendered":"<p><img loading=\"lazy\" decoding=\"async\" class=\"alignnone size-large wp-image-1440\" src=\"https:\/\/agencyinbiosphere.com\/wp-content\/uploads\/2013\/02\/Portrait_Markus_Jeschaunig_photo-c-Sebastian-Reiser-505x390.jpg\" alt=\"Portrait_Markus_Jeschaunig_photo-(c)-Sebastian-Reiser\" width=\"505\" height=\"390\" srcset=\"https:\/\/agencyinbiosphere.com\/wp-content\/uploads\/2013\/02\/Portrait_Markus_Jeschaunig_photo-c-Sebastian-Reiser-505x390.jpg 505w, https:\/\/agencyinbiosphere.com\/wp-content\/uploads\/2013\/02\/Portrait_Markus_Jeschaunig_photo-c-Sebastian-Reiser-220x170.jpg 220w, https:\/\/agencyinbiosphere.com\/wp-content\/uploads\/2013\/02\/Portrait_Markus_Jeschaunig_photo-c-Sebastian-Reiser-439x339.jpg 439w, https:\/\/agencyinbiosphere.com\/wp-content\/uploads\/2013\/02\/Portrait_Markus_Jeschaunig_photo-c-Sebastian-Reiser.jpg 1200w\" sizes=\"auto, (max-width: 505px) 100vw, 505px\" \/><\/p>\n<hr \/>\n<h1>CV<\/h1>\n<pre>Markus Jeschaunig, geboren 1982 in Graz, lebt und arbeitet in Graz und der Biosph\u00e4re. Inspiriert von den Kr\u00e4ften und Dynamiken der Lithosph\u00e4re, Hydrosph\u00e4re, Atmosph\u00e4re und Biosph\u00e4re entfalten sich Jeschaunig's k\u00fcnstlerische Arbeiten im Spannungsfeld von \u00d6kologie, Landschaft, Architektur, Technologie sowie \u00f6ffentlicher Raum und Aktivismus. Jeschaunig studierte Kunst und Architektur an der Universit\u00e4t f\u00fcr k\u00fcnstlerische und industrielle Gestaltung Linz, der Mimar Sinan Fine Arts University Istanbul und an der Technischen Universit\u00e4t Wien. Architekturdiplom 2010 an der Universit\u00e4t f\u00fcr k\u00fcnstlerische und industrielle Gestaltung Linz. Gr\u00fcndung der eigenen k\u00fcnstlerischen Praxis unter dem Titel 'agency in biosphere'(2012). Teilnehmer der Change Course Conference in Winterthur (Club of Rome, 2012). Jeschaunig ist Co-Autor von \"breathe.austria - \u00d6sterreichischer Pavillon auf der Expo 2015 in Mailand\" (als Mitglied von 'team.breathe.austria\u2019). Er ist Mitbegr\u00fcnder des transdiziplin\u00e4ren Think-tanks 'Breathe Earth Collective' (2015).<\/pre>\n<hr \/>\n<pre>Arbeiten (Auswahl)\r\n\r\n2026 \r\n#Expanded Garden, Installation,\"30% L\u00f6wenzahn\" (Bloom), Kunsthaus Graz (AT)\r\n#Architekturpreis Land Steiermark 2025 (Nominiert), The Prize Bag: Double Lives of Architecture, HDA Graz (AT)\r\n#Creative Climates, Halle-A Lecture, OTH Regensburg, Tue, 24.03.2026, Regensburg \/ DE\r\n#FROST GARTEN, Installation im \u00f6ffentl. Raum, minus20degree Festival, Flachau \/ AT\r\n\r\n2025 \r\n#Parallel Vienna, Art Fair, Sept. 10th-14th 2025 \r\n#Klima Aal, Bronze Skulptur, Environmental and Art Award, Bad Honnef (DE)\r\n#K\u00f6nigsgrube, Permanente Installation, Emscherkunstweg, Herne-R\u00f6hlinghausen \/ DE\r\n#Tennenm\u00e4lzerei Reininghaus, Architektonische Zwischennutzung, Graz \/ AT (ab April 25)<\/pre>\n<pre>2024\r\n#Klima Kohl, Installation, Eispalst, Dachsteingletscher \/ AT\r\n#Mooshelm, Into the Woods - Ausstellung, Kunsthaus Wien, Klima Biennale \/ AT\r\n#Water Cosmos, Open Water Dialogues - Bad Ischl - European Capital of Europe \/ AT\r\n#Habitat Graz, Gr\u00fcne Innenhofgestaltung, permanent, Graz Museum \/ AT (with BEC)\r\n#Windf\u00e4nger, Brunneninstallation, permanent, Kunst im \u00f6ffentlichen Raum N\u00d6, St. P\u00f6lten \/ AT\r\n (als Teil von Breathe Earth Collective\/BEC)\r\n#Klima Biennale Pavillon, Klima Biennale Wien \/ AT \r\n (als Teil von Breathe Earth Collective\/BEC)\r\n\r\n2023\r\n#Electric Atmospheres, video, Steiermark Schau, Wien\/Herberstein \/ AT\r\n#Electric Atmospheres, Steiermark Schau (mobile Pavilion), Austrian Cultural Forum, New York \/ USA\r\n#Electric Atmospheres, Steiermark Schau (mobile Pavilion), MIT Galery, Bosten \/ USA<\/pre>\n<pre>2022\r\n#urban oasis milano, S+T+ARTs residency project in Milan\/IT\r\n#re:tool Ausstellung, ZKM Karlsruhe\/DE\r\n#Neble Wasser Eis, Kunstbuch, Walter K\u00f6nig Verlag 2022\r\n#Altar &amp; interior design, Pfarrkirche Deutschlandsberg\/AT\r\n\r\n2021 #Klima-Kultur-Pavillon, Grazer Kulturjahr 2020, Graz\/AT (als Teil von Breathe Earth Collective\/BEC) \r\n#Anthroprint, Installation, Steiermark Schau, Kunsthaus Graz, Graz \/AT \r\n#Hier kommt die Erde. Und dann lange nichts., K\u00d6R, Wien\/AT \r\n#Gletscher in Not, Festival der Regionen 2021, Hallstatt\/AT\r\n\r\n2020 \r\n#Plant Fever, Gruppenausstellung, Design Museum CID \u2013 Grand Hornu, Belgien\/BE \r\n#Earth Love, Performance &amp; Film, QL-Galerie (KHG Graz), AT \r\n#Art Residency Wildbad (BEC), Rothenburg o. d. Tauber, DE \r\n#Der Angriff der Gegenwart, Gruppenausstellung (Vienna Art Week), Heiligenkreuzer Hof, Vienna, AT \r\n\r\n2019 \r\n# Diatomeen, Kulturzentrum bei den Minoriten, Graz, AT \r\n# Aerosol (BEC), Kunstverein Neuhausen, Neuhausen, DE \r\n# Oasis No 8, DesignLab - MAK Vienna, AT \r\n\r\n2018 \r\n# The Weather Project, Haus am Waldsee, Berlin, DE \r\n# Building Weather, Einzelausstellung, Magazin Wien, AT \r\n# Aerosol, \u2018Dynamics of Air\u2019, Gruppenausstellung, RMIT Gallery, Melbourne, AU (als Teil von Breathe Earth Collective) \r\n# Airship.03 \u201c Fontain of Air, Milan, IT (als Teil von Breathe Earth Collective\/BEC)\r\n\r\n2017 \r\n# The Big Invisible, Gruppenausstellung, Kunst Haus Wien, AT \r\n# Leave It in the Ground, Gruppenausstellung, Usti\u00ad nad Labem House of Arts, CZ \r\n# Vienna Biennale 2017, Installation &amp; Ausstellung, MAK Wien, AT \r\n# Styrian Power, K\u00fcnstlerhaus, Klagenfurt, AT \r\n# Artist in Residency @ \u00d6sterreichischer Skulpturenpark, Premst\u00e4tten, AT (als Teil von Breathe Earth Collective\/BEC)\r\n\r\n2016 \r\n# Oase No 8, Abw\u00e4rmeinstallation, Graz, AT \r\n# Olfactory Library Europe, steirischer herbst, Kunsthalle Graz \r\n# Kulturwald \u201c Airship, mobile Klimainstallation, Padova\/Milan\/Rome\/Bordeaux\/Tulln, IT\/FR\/AT (als Teil von Breathe Earth Collective\/BEC)\r\n\r\n2015 \r\n# Landscape in Motion - Cinematic Visions of an Uncertain Tomorrow, Gruppenausstellung, Kunsthaus Graz, AT \r\n# BREATHE.AUSTRIA, \u00d6sterreichischer Pavillon (mit team.breathe.austria) \/ EXPO Milano 2015, IT \r\n# Kardinal Koenig Kunstpreis 2015, Nominierung &amp; Gruppenausstellung, St. Virgil \/ Salzburg, AT \r\n# Waldbad (BEC), Installation, Europ\u00e4isches Forum Alpbach, Alpbach i. Tirol, AT\r\n\r\n2014 \r\n# Picea Abies, Installation, Kunsthaus Graz, Graz, AT # KARTOGRAFIJE TRANZICIJ, group exhibition, MoTA Point, Ljubljana, SI \r\n# Barrel You!, Einzelausstellung, EIKON SchAUfenster, quartier 21\/Museumsquartier, Wien, AT \r\n# Breathe.Austria, 1. Preis, Wettbewerb \"\u00d6sterreich Pavillon \u201c Expo 2015\" (als Teil von team.breathe.austria), Wien\/Mailand, AT\/IT \r\n# Lithosphere's change, Einzelausstellung, 0gms gallery, Sofia, BG\r\n\r\n2013 \r\n# Ma\u00dfnahmen zu Rettung der Welt_Teil 2, Gruppenausstellung, &lt; rotor &gt;, Graz, AT \r\n# Your Presence has Consequences (mit Thomas Kaltenbacher), the smallest gallery, Graz, AT\r\n\r\n2012 \r\n# Line-Flight Graz-Maribor, Kunsthaus Graz \/ Vetrinjski dvor, Maribor, SI\/AT \r\n# Screening of Line-Flight @ Urban Research on Film Festival, Berlin, DE \r\n# Re-light Eisenerz, (mit Claudia Gerh\u00e4usser\/oiXplorer), Rostfest 2012, Eisenerz, AT \r\n# Arc de Triomphe, (mit Wolfgang Oeggl\/oiXplorer), Lendwirbel Festival 2012, Graz, AT \r\n# Barrel You!, Lendwirbel Festival 2012, Graz, AT<\/pre>\n<pre>2010 \r\n# Urban Tomography, Diplomarbeit, K\u00fcnstlerhaus Graz, AT\r\n\r\n2008 \r\n# Rurbane Intervention, regionale 08 (mit Heidi Pretterhofer, Dieter Spath &amp; Kai V\u00f6ckler), Gosdorf, AT\r\n\r\n2007 \r\n# ISTANBUL on LINE, (mit Elsa Berrada, Carla Mevissen, Perihan Usta), Istanbul, TR\r\n\r\nAUSZEICHNUNGEN \r\n2026: Architecture Prize of the Province of Styria \r\n2025 (Nominee) 2025: Callwey H\u00e4user des Jahres 2025 Award (Special Recognition) \r\n2025: MARCH Material Awards 2025 \u2013 (Honorably Mention) \r\n2022: Gerambrose - Baukulturpreis Steiermark \r\n2019: Preis Di\u00f6zese Graz-Seckau f. zeitgen\u00f6ssische Kunst (Nominierung) \r\n2019: Architekturpreis Land Steiermark 2019 (Anerkennunspreis) \r\n2019: <span class=\"x1lliihq x1plvlek xryxfnj x1n2onr6 xyejjpt x15dsfln x193iq5w xeuugli x1fj9vlw x13faqbe x1vvkbs x1s928wv xhkezso x1gmr53x x1cpjm7i x1fgarty x1943h6x x1i0vuye xvs91rp xo1l8bm x5n08af x10wh9bi xpm28yp x8viiok x1o7cslx\" dir=\"auto\"><span class=\"x193iq5w xeuugli x13faqbe x1vvkbs xt0psk2 x1i0vuye xvs91rp xo1l8bm x5n08af x10wh9bi xpm28yp x8viiok x1o7cslx x126k92a\">DIE SCH\u00d6NSTEN DEUTSCHEN B\u00dcCHER Award (pre-selection) with the book \"Urban Oasis\"<\/span><\/span>\r\n2017: Outstanding Artist Award - Experimentelle Tendenzen in der Architektur (als Teil von Breathe Earth Collective) \r\n2017: Dagmar Chobot Skulpturenpreis 2017 (Nominierung) \r\n2017: BAUWELT PREIS 2017 2016: Margarethe Sch\u00fctte-Lihotzky Projektstipendium \r\n2016: KlimARS Preis 2016 2015: Umweltpreis-Graz 2015 \r\n2015: Shenzhen Design Grand Award for Young Talents (als Teil von team.breathe.austria) \r\n2015: Kardinal Koenig Kunstpreis 2015 (Nominierung) \r\n2014: STAATSPREIS SCH\u00d6NSTE B\u00dcCHER \u00d6sterreichs 2014 \r\n2014: Kunstf\u00f6rderungspreis der Stadt Graz 2014 \r\n2013: Arbeitsstipendium f\u00fcr bildende Kunst der Stadt Graz 2013 \r\n2012: \"forum-Stipendium\" Kunstuniversit\u00e4t Linz &amp; KEBA AG, Linz \r\n2012: Umweltpreis-Graz 2012 (mit Wolfgang Oeggl)<\/pre>\n<hr \/>\n<pre>Lehrt\u00e4tigkeit &amp; Forschung\r\n\r\nseit 2025 Lehrbeauftragter &amp; PhD Candidate, Technische Universit\u00e4t Graz (IAT) \/ AT \r\n2024 Externer Lehrbeauftragter, Akademie der bildenden K\u00fcnste Wien (IKA) \/ AT\r\n2024 Gastkritiker, Akademie der bildenden K\u00fcnste Wien (IKA) \/ AT\r\n2023 Externer Lehrbeauftragter, Kunstuniversit\u00e4t Linz \/ AT\r\n2022-2025 Lehrbeauftragter an der FH Joanneum Graz \/ AT \r\n2019\/20 Lehrbeauftragter, Technische Universit\u00e4t Graz \/ Institut f\u00fcr Raumgestaltung\r\n2017\u00a0 \"urban oasis\", transdisziplin\u00e4re Forschung \r\n2014 Externer Lehrbeauftragter, Technische Universit\u00e4t Graz \/ IZK \u201c institut f\u00fcr zeitgen\u00f6ssische Kunst \r\n2012-13 Externer Lehrbeauftragter, Technische Universit\u00e4t Graz \/ Institut f\u00fcr Architektur &amp; Landschaft \r\n\r\n<\/pre>\n<hr \/>\n<pre lang=\"en-US\">Foto (c) Sebastian Reiser<\/pre>\n<hr \/>\n<p><\/p>","protected":false},"excerpt":{"rendered":"<p>CV Markus Jeschaunig, geboren 1982 in Graz, lebt und arbeitet in Graz und der Biosph\u00e4re. Inspiriert von den Kr\u00e4ften und Dynamiken der Lithosph\u00e4re, Hydrosph\u00e4re, Atmosph\u00e4re und Biosph\u00e4re entfalten sich Jeschaunig&#8217;s k\u00fcnstlerische Arbeiten im Spannungsfeld von \u00d6kologie, Landschaft, Architektur, Technologie sowie \u00f6ffentlicher Raum und Aktivismus. Jeschaunig studierte Kunst und Architektur an der Universit\u00e4t f\u00fcr k\u00fcnstlerische und&#8230;  <a href=\"https:\/\/agencyinbiosphere.com\/de\/about\" title=\"Read CV\">Read more &raquo;<\/a><\/p>\n","protected":false},"author":1,"featured_media":0,"parent":0,"menu_order":6,"comment_status":"open","ping_status":"open","template":"","meta":{"footnotes":""},"class_list":["post-2","page","type-page","status-publish","hentry"],"yoast_head":"<!-- This site is optimized with the Yoast SEO plugin v16.8 - https:\/\/yoast.com\/wordpress\/plugins\/seo\/ -->\n<title>CV - Markus Jeschaunig (Agent in the Biosphere)<\/title>\n<meta name=\"robots\" content=\"index, follow, max-snippet:-1, max-image-preview:large, max-video-preview:-1\" \/>\n<link rel=\"canonical\" href=\"https:\/\/agencyinbiosphere.com\/about\" \/>\n<meta property=\"og:locale\" content=\"de_DE\" \/>\n<meta property=\"og:type\" content=\"article\" \/>\n<meta property=\"og:title\" content=\"CV - Markus Jeschaunig (Agent in the Biosphere)\" \/>\n<meta property=\"og:description\" content=\"CV Markus Jeschaunig, geboren 1982 in Graz, lebt und arbeitet in Graz und der Biosph\u00e4re. Inspiriert von den Kr\u00e4ften und Dynamiken der Lithosph\u00e4re, Hydrosph\u00e4re, Atmosph\u00e4re und Biosph\u00e4re entfalten sich Jeschaunig&#039;s k\u00fcnstlerische Arbeiten im Spannungsfeld von \u00d6kologie, Landschaft, Architektur, Technologie sowie \u00f6ffentlicher Raum und Aktivismus. Jeschaunig studierte Kunst und Architektur an der Universit\u00e4t f\u00fcr k\u00fcnstlerische und... Read more &raquo;\" \/>\n<meta property=\"og:url\" content=\"https:\/\/agencyinbiosphere.com\/about\" \/>\n<meta property=\"og:site_name\" content=\"Markus Jeschaunig\" \/>\n<meta property=\"article:modified_time\" content=\"2026-03-21T21:43:26+00:00\" \/>\n<meta property=\"og:image\" content=\"https:\/\/agencyinbiosphere.com\/wp-content\/uploads\/2013\/02\/Portrait_Markus_Jeschaunig_photo-c-Sebastian-Reiser-505x390.jpg\" \/>\n<meta name=\"twitter:label1\" content=\"Gesch\u00e4tzte Lesezeit\" \/>\n\t<meta name=\"twitter:data1\" content=\"10\u00a0Minuten\" \/>\n<script type=\"application\/ld+json\" class=\"yoast-schema-graph\">{\"@context\":\"https:\/\/schema.org\",\"@graph\":[{\"@type\":\"WebSite\",\"@id\":\"https:\/\/agencyinbiosphere.com\/#website\",\"url\":\"https:\/\/agencyinbiosphere.com\/\",\"name\":\"Markus Jeschaunig\",\"description\":\"Agency in Biosphere\",\"potentialAction\":[{\"@type\":\"SearchAction\",\"target\":{\"@type\":\"EntryPoint\",\"urlTemplate\":\"https:\/\/agencyinbiosphere.com\/?s={search_term_string}\"},\"query-input\":\"required name=search_term_string\"}],\"inLanguage\":\"de\"},{\"@type\":\"ImageObject\",\"@id\":\"https:\/\/agencyinbiosphere.com\/about#primaryimage\",\"inLanguage\":\"de\",\"url\":\"https:\/\/agencyinbiosphere.com\/wp-content\/uploads\/2013\/02\/Portrait_Markus_Jeschaunig_photo-c-Sebastian-Reiser.jpg\",\"contentUrl\":\"https:\/\/agencyinbiosphere.com\/wp-content\/uploads\/2013\/02\/Portrait_Markus_Jeschaunig_photo-c-Sebastian-Reiser.jpg\",\"width\":1200,\"height\":929},{\"@type\":\"WebPage\",\"@id\":\"https:\/\/agencyinbiosphere.com\/about#webpage\",\"url\":\"https:\/\/agencyinbiosphere.com\/about\",\"name\":\"CV - Markus Jeschaunig (Agent in the Biosphere)\",\"isPartOf\":{\"@id\":\"https:\/\/agencyinbiosphere.com\/#website\"},\"primaryImageOfPage\":{\"@id\":\"https:\/\/agencyinbiosphere.com\/about#primaryimage\"},\"datePublished\":\"2013-02-13T13:53:38+00:00\",\"dateModified\":\"2026-03-21T21:43:26+00:00\",\"breadcrumb\":{\"@id\":\"https:\/\/agencyinbiosphere.com\/about#breadcrumb\"},\"inLanguage\":\"de\",\"potentialAction\":[{\"@type\":\"ReadAction\",\"target\":[\"https:\/\/agencyinbiosphere.com\/about\"]}]},{\"@type\":\"BreadcrumbList\",\"@id\":\"https:\/\/agencyinbiosphere.com\/about#breadcrumb\",\"itemListElement\":[{\"@type\":\"ListItem\",\"position\":1,\"name\":\"CV\"}]}]}<\/script>\n<!-- \/ Yoast SEO plugin. -->","yoast_head_json":{"title":"CV - Markus Jeschaunig (Agent in the Biosphere)","robots":{"index":"index","follow":"follow","max-snippet":"max-snippet:-1","max-image-preview":"max-image-preview:large","max-video-preview":"max-video-preview:-1"},"canonical":"https:\/\/agencyinbiosphere.com\/about","og_locale":"de_DE","og_type":"article","og_title":"CV - Markus Jeschaunig (Agent in the Biosphere)","og_description":"CV Markus Jeschaunig, geboren 1982 in Graz, lebt und arbeitet in Graz und der Biosph\u00e4re. Inspiriert von den Kr\u00e4ften und Dynamiken der Lithosph\u00e4re, Hydrosph\u00e4re, Atmosph\u00e4re und Biosph\u00e4re entfalten sich Jeschaunig's k\u00fcnstlerische Arbeiten im Spannungsfeld von \u00d6kologie, Landschaft, Architektur, Technologie sowie \u00f6ffentlicher Raum und Aktivismus. Jeschaunig studierte Kunst und Architektur an der Universit\u00e4t f\u00fcr k\u00fcnstlerische und... Read more &raquo;","og_url":"https:\/\/agencyinbiosphere.com\/about","og_site_name":"Markus Jeschaunig","article_modified_time":"2026-03-21T21:43:26+00:00","og_image":[{"url":"https:\/\/agencyinbiosphere.com\/wp-content\/uploads\/2013\/02\/Portrait_Markus_Jeschaunig_photo-c-Sebastian-Reiser-505x390.jpg"}],"twitter_misc":{"Gesch\u00e4tzte Lesezeit":"10\u00a0Minuten"},"schema":{"@context":"https:\/\/schema.org","@graph":[{"@type":"WebSite","@id":"https:\/\/agencyinbiosphere.com\/#website","url":"https:\/\/agencyinbiosphere.com\/","name":"Markus Jeschaunig","description":"Agency in Biosphere","potentialAction":[{"@type":"SearchAction","target":{"@type":"EntryPoint","urlTemplate":"https:\/\/agencyinbiosphere.com\/?s={search_term_string}"},"query-input":"required name=search_term_string"}],"inLanguage":"de"},{"@type":"ImageObject","@id":"https:\/\/agencyinbiosphere.com\/about#primaryimage","inLanguage":"de","url":"https:\/\/agencyinbiosphere.com\/wp-content\/uploads\/2013\/02\/Portrait_Markus_Jeschaunig_photo-c-Sebastian-Reiser.jpg","contentUrl":"https:\/\/agencyinbiosphere.com\/wp-content\/uploads\/2013\/02\/Portrait_Markus_Jeschaunig_photo-c-Sebastian-Reiser.jpg","width":1200,"height":929},{"@type":"WebPage","@id":"https:\/\/agencyinbiosphere.com\/about#webpage","url":"https:\/\/agencyinbiosphere.com\/about","name":"CV - Markus Jeschaunig (Agent in the Biosphere)","isPartOf":{"@id":"https:\/\/agencyinbiosphere.com\/#website"},"primaryImageOfPage":{"@id":"https:\/\/agencyinbiosphere.com\/about#primaryimage"},"datePublished":"2013-02-13T13:53:38+00:00","dateModified":"2026-03-21T21:43:26+00:00","breadcrumb":{"@id":"https:\/\/agencyinbiosphere.com\/about#breadcrumb"},"inLanguage":"de","potentialAction":[{"@type":"ReadAction","target":["https:\/\/agencyinbiosphere.com\/about"]}]},{"@type":"BreadcrumbList","@id":"https:\/\/agencyinbiosphere.com\/about#breadcrumb","itemListElement":[{"@type":"ListItem","position":1,"name":"CV"}]}]}},"_links":{"self":[{"href":"https:\/\/agencyinbiosphere.com\/de\/wp-json\/wp\/v2\/pages\/2","targetHints":{"allow":["GET"]}}],"collection":[{"href":"https:\/\/agencyinbiosphere.com\/de\/wp-json\/wp\/v2\/pages"}],"about":[{"href":"https:\/\/agencyinbiosphere.com\/de\/wp-json\/wp\/v2\/types\/page"}],"author":[{"embeddable":true,"href":"https:\/\/agencyinbiosphere.com\/de\/wp-json\/wp\/v2\/users\/1"}],"replies":[{"embeddable":true,"href":"https:\/\/agencyinbiosphere.com\/de\/wp-json\/wp\/v2\/comments?post=2"}],"version-history":[{"count":109,"href":"https:\/\/agencyinbiosphere.com\/de\/wp-json\/wp\/v2\/pages\/2\/revisions"}],"predecessor-version":[{"id":2049,"href":"https:\/\/agencyinbiosphere.com\/de\/wp-json\/wp\/v2\/pages\/2\/revisions\/2049"}],"wp:attachment":[{"href":"https:\/\/agencyinbiosphere.com\/de\/wp-json\/wp\/v2\/media?parent=2"}],"curies":[{"name":"wp","href":"https:\/\/api.w.org\/{rel}","templated":true}]}}